{"id":554,"date":"2022-12-31T19:55:50","date_gmt":"2022-12-31T18:55:50","guid":{"rendered":"https:\/\/oidobservatorio.com\/que-es-oid\/"},"modified":"2025-11-26T13:55:42","modified_gmt":"2025-11-26T12:55:42","slug":"que-es-oid","status":"publish","type":"page","link":"https:\/\/oidobservatorio.com\/va\/que-es-oid\/","title":{"rendered":"Qu\u00e8 \u00e9s Oid!"},"content":{"rendered":"\r\n\t\t<div  class=\"block-20d1085d-11eb-42cf-83fb-4676de09eeb5 row areoi-element bg_violeta que_es_oid_1\">\r\n\t\t\t\r\n\r\n\t\t\t\n\r\n\t\t<div  class=\"block-306e0920-b5bb-45ff-9d55-bcf7d3abbbe9 col areoi-element col-md-10\">\r\n\t\t\t\r\n\t\t\t\n\n<h1 class=\"wp-block-heading\">Qu\u00e8 \u00e9s Oid!<\/h1>\n\n\n\n<p>L&#8217;Observatori sobre l&#8217;Impacte del Disseny \u00e9s una iniciativa de l&#8217;ADCV: Associaci\u00f3 de Professionals del Disseny de la Comunitat Valenciana, per a la investigaci\u00f3 i innovaci\u00f3 en l&#8217;\u00e0mbit del disseny. Se centra en l&#8217;an\u00e0lisi i difusi\u00f3 de l&#8217;efecte que l&#8217;\u00fas del disseny t\u00e9 en la societat, amb el focus posat especialment en les empreses i la ind\u00fastria. El seu treball es desenvolupa sota el concepte \u201cimpacte del disseny\u201d en un sentit extens: econ\u00f2mic, social, cultural i mediambiental, i en general en tot all\u00f2 relatiu a la millora del benestar i el b\u00e9 viure.<\/p>\n\n \r\n\t\t\t\r\n\t\t<\/div>\r\n\t\n \r\n\t\t<\/div>\r\n\t\n\n\r\n\t\t<div  class=\"block-f34f4076-96ca-4aeb-b705-3d96c8e99af9 row areoi-element bg_violeta que_es_oid_2 flex-column flex-md-row\">\r\n\t\t\t\r\n\r\n\t\t\t\n\r\n\t\t<div  class=\"block-380cd0c5-1a00-4fbf-b282-648da257b30f col areoi-element col_imagen col-12 col-md-5\">\r\n\t\t\t\r\n\t\t\t\n\n<figure class=\"wp-block-image size-full is-style-default\"><img loading=\"lazy\" decoding=\"async\" width=\"895\" height=\"596\" src=\"https:\/\/oidobservatorio.com\/wp-content\/uploads\/2023\/01\/que_es_oid_.jpg\" alt=\"\" class=\"wp-image-171\" srcset=\"https:\/\/oidobservatorio.com\/wp-content\/uploads\/2023\/01\/que_es_oid_.jpg 895w, https:\/\/oidobservatorio.com\/wp-content\/uploads\/2023\/01\/que_es_oid_-300x200.jpg 300w, https:\/\/oidobservatorio.com\/wp-content\/uploads\/2023\/01\/que_es_oid_-768x511.jpg 768w\" sizes=\"auto, (max-width: 895px) 100vw, 895px\" \/><\/figure>\n\n \r\n\t\t\t\r\n\t\t<\/div>\r\n\t\n\n\r\n\t\t<div  class=\"block-18c8b464-97a4-4f65-825e-05b67a485bb7 col areoi-element col-12 col-md-5\">\r\n\t\t\t\r\n\t\t\t\n\n<p>Dimensionar el disseny i el seu impacte \u00e9s fonamental per a afrontar amb responsabilitat els reptes i oportunitats que suposa la seua incorporaci\u00f3 en el teixit empresarial i la seua integraci\u00f3 en solucions que afavorisquen el benestar de la societat.<\/p>\n\n\n\n<p>L&#8217;Oid! promour\u00e0 la generaci\u00f3 de solucions innovadores que puguen aplicar-se a l&#8217;avaluaci\u00f3 de l&#8217;impacte del disseny, ja que un adequat mesurament tangibilitza les conseq\u00fc\u00e8ncies del seu \u00fas i permet identificar \u00e0rees de millora.<\/p>\n\n \r\n\t\t\t\r\n\t\t<\/div>\r\n\t\n\n\r\n\t\t<div  class=\"block-22459f17-9f4b-4a82-819c-a0d515228e66 col areoi-element col-md-2  text-center text-lg-end pt-4 pb-4 pt-md-0 pb-md-0\">\r\n\t\t\t\r\n\t\t\t\n\n<figure class=\"wp-block-image size-full boton_scroll boton_scroll-lg d-none d-lg-block\" id=\"scrolldown\"><img loading=\"lazy\" decoding=\"async\" width=\"165\" height=\"151\" src=\"https:\/\/oidobservatorio.com\/wp-content\/uploads\/2023\/01\/Icono-Scroll.gif\" alt=\"\" class=\"wp-image-210\"\/><\/figure>\n\n\n\n<figure class=\"wp-block-image size-full boton_scroll boton_scroll-movil\" id=\"scrolldown_movil\"><img loading=\"lazy\" decoding=\"async\" width=\"22\" height=\"20\" src=\"https:\/\/oidobservatorio.com\/wp-content\/uploads\/2023\/02\/fecha_abajo.png\" alt=\"\" class=\"wp-image-508\"\/><\/figure>\n\n \r\n\t\t\t\r\n\t\t<\/div>\r\n\t\n \r\n\t\t<\/div>\r\n\t\n\n\r\n\t\t<div  class=\"block-539dda47-b86e-4724-bb1e-e793de6b54c2 row areoi-element bg_blanco top_curved objetivos_1\">\r\n\t\t\t\r\n\r\n\t\t\t\n\r\n\t\t<div  class=\"block-b3305c4e-934b-4003-b800-057267fa7fb0 col areoi-element\">\r\n\t\t\t\r\n\t\t\t\n\n<h1 class=\"wp-block-heading mb-3 mb-lg-0\">Objectius<\/h1>\n\n \r\n\t\t\t\r\n\t\t<\/div>\r\n\t\n \r\n\t\t<\/div>\r\n\t\n\n\r\n\t\t<div  class=\"block-1b1d54d4-f8ca-41ce-8518-8a0cd96cbbb1 row areoi-element bg_blanco objetivos_2  flex-column flex-lg-row\">\r\n\t\t\t\r\n\r\n\t\t\t\n\r\n\t\t<div  class=\"block-d0d57c46-7d14-47e3-bfb6-3c48f1cd733a col areoi-element\">\r\n\t\t\t\r\n\t\t\t\n\n<h4 class=\"wp-block-heading\">Analitzar<\/h4>\n\n\n\n<p>Estudiar l&#8217;impacte del disseny en la societat, amb especial atenci\u00f3 al teixit empresarial valenci\u00e0, a trav\u00e9s d&#8217;estudis i informes t\u00e8cnics de diagn\u00f2stic.<\/p>\n\n \r\n\t\t\t\r\n\t\t<\/div>\r\n\t\n\n\r\n\t\t<div  class=\"block-8963bd54-56b1-42fa-bb17-5401cd6401e4 col areoi-element\">\r\n\t\t\t\r\n\t\t\t\n\n<h4 class=\"wp-block-heading\">Millorar<\/h4>\n\n\n\n<p>Crear i promoure propostes per a la millora de l&#8217;impacte del disseny.<\/p>\n\n \r\n\t\t\t\r\n\t\t<\/div>\r\n\t\n\n\r\n\t\t<div  class=\"block-e7282c1d-3ce2-4929-ac6c-d9c9f026ff5d col areoi-element\">\r\n\t\t\t\r\n\t\t\t\n\n<h4 class=\"wp-block-heading\">Orientar<\/h4>\n\n\n\n<p>Oferir indicacions i recomanacions per a responsables de presa de decisions en pol\u00edtiques p\u00fabliques i programes de suport a la innovaci\u00f3, organitzacions empresarials i especialistes en investigaci\u00f3.<\/p>\n\n \r\n\t\t\t\r\n\t\t<\/div>\r\n\t\n\n\r\n\t\t<div  class=\"block-ba6e7351-0e49-40b3-b6d2-cebcd26fc823 col areoi-element\">\r\n\t\t\t\r\n\t\t\t\n\n<h4 class=\"wp-block-heading\">Col\u00b7laborar<\/h4>\n\n\n\n<p>Promoure acords de col\u00b7laboraci\u00f3 en projectes en R+D+i, amb agents de l&#8217;entorn cient\u00edfic-tecnol\u00f2gic, universitats, empreses, etc. d&#8217;\u00e0mbit nacional i internacional.<\/p>\n\n \r\n\t\t\t\r\n\t\t<\/div>\r\n\t\n\n\r\n\t\t<div  class=\"block-3583d57b-f101-4de5-8d6b-a79b3ebd8bdc col areoi-element\">\r\n\t\t\t\r\n\t\t\t\n\n<h4 class=\"wp-block-heading\">Maximitzar<\/h4>\n\n\n\n<p>Guiar a responsables de la gesti\u00f3 i direcci\u00f3 per a maximitzar l&#8217;impacte del disseny en les seues organitzacions.<\/p>\n\n \r\n\t\t\t\r\n\t\t<\/div>\r\n\t\n \r\n\t\t<\/div>\r\n\t\n\n\r\n\t\t<div  class=\"block-546b1c30-d249-4afe-afbf-9842314607f0 row areoi-element bg_blanco que_es_oid_pie flex-column flex-md-row\">\r\n\t\t\t\r\n\r\n\t\t\t\n\r\n\t\t<div  class=\"block-aef47831-9996-44bf-922f-454dd411e26a col areoi-element equipo col-12 col-md-6 col-xl-4\">\r\n\t\t\t\r\n\t\t\t\n\r\n\t\t<div  class=\"block-1885c313-065d-4088-87c3-02b29b98b26f card bg_amarillo radio_medium\">\r\n\t\t\t\n\r\n\t\t<div  class=\"block-7918b549-8315-48fc-9ad6-a98737935229 card-body\">\r\n\t\t\t\n\n<p>L&#8217;ADCV: Associaci\u00f3 de Professionals del Disseny de la Comunitat Valenciana promociona i defensa la professi\u00f3 del disseny com a sector econ\u00f2mic que genera valor i el comunica.<\/p>\n\n\n\n<p>El seu treball contribueix a aclarir el concepte de disseny com a proc\u00e9s de creaci\u00f3, la finalitat del qual \u00e9s proposar solucions i significats per a aconseguir un m\u00f3n millor.<\/p>\n\n \r\n\t\t<\/div>\r\n\t\n \r\n\t\t<\/div>\r\n\t\n \r\n\t\t\t\r\n\t\t<\/div>\r\n\t\n\n\r\n\t\t<div  class=\"block-56a509a6-2b1a-49c1-be97-84e906c2a747 col areoi-element col-12 col-md-6 col-xl-4 mt-4 mt-md-0\">\r\n\t\t\t\r\n\t\t\t\n\r\n\t\t<div  class=\"block-961b84a3-658e-4329-beb1-c81397c5c0a5 card bg_azul h-100  radio_medium\">\r\n\t\t\t\n\r\n\t\t<div  class=\"block-2f6f3713-dcd3-43dc-9f77-9d83be3beee8 card-body  d-flex align-items-center justify-content-center\">\r\n\t\t\t\n\r\n\t\t<div  class=\"block-79bdef8f-f892-4462-8a9c-d90b99a6df75 areoi-element\">\r\n\t\t\t\r\n\t\t\t\n\n<p class=\"has-text-align-center\">Un proyecto de<br>investigaci\u00f3n de la ADCV<\/p>\n\n\n\n<figure class=\"wp-block-image size-large\"><img decoding=\"async\" src=\"\/wp-content\/themes\/oid\/imgs\/logos\/logo_adcv.svg\" alt=\"\"\/><\/figure>\n\n\r\n\t\t\t \r\n\t\t<\/div>\r\n\t\n \r\n\t\t<\/div>\r\n\t\n \r\n\t\t<\/div>\r\n\t\n \r\n\t\t\t\r\n\t\t<\/div>\r\n\t\n\n\r\n\t\t<div  class=\"block-17d68e5f-ec83-4c53-8cac-a026d1668d12 col areoi-element d-none d-xl-block\">\r\n\t\t\t\r\n\t\t\t\n\r\n\t\t<div  class=\"block-82fcdfa2-300c-4bf4-b4ce-4f943b2dba34 card bg_violeta h-100  radio_medium bg_expansion\">\r\n\t\t\t\n\r\n\t\t<div  class=\"block-6234f05d-7182-4c99-8883-b5d4447d9775 card-body\">\r\n\t\t\t\n\n<p><\/p>\n\n \r\n\t\t<\/div>\r\n\t\n \r\n\t\t<\/div>\r\n\t\n \r\n\t\t\t\r\n\t\t<\/div>\r\n\t\n \r\n\t\t<\/div>\r\n\t","protected":false},"excerpt":{"rendered":"","protected":false},"author":1,"featured_media":0,"parent":0,"menu_order":0,"comment_status":"closed","ping_status":"closed","template":"","meta":{"footnotes":""},"class_list":["post-554","page","type-page","status-publish","hentry"],"_links":{"self":[{"href":"https:\/\/oidobservatorio.com\/va\/wp-json\/wp\/v2\/pages\/554","targetHints":{"allow":["GET"]}}],"collection":[{"href":"https:\/\/oidobservatorio.com\/va\/wp-json\/wp\/v2\/pages"}],"about":[{"href":"https:\/\/oidobservatorio.com\/va\/wp-json\/wp\/v2\/types\/page"}],"author":[{"embeddable":true,"href":"https:\/\/oidobservatorio.com\/va\/wp-json\/wp\/v2\/users\/1"}],"replies":[{"embeddable":true,"href":"https:\/\/oidobservatorio.com\/va\/wp-json\/wp\/v2\/comments?post=554"}],"version-history":[{"count":10,"href":"https:\/\/oidobservatorio.com\/va\/wp-json\/wp\/v2\/pages\/554\/revisions"}],"predecessor-version":[{"id":792,"href":"https:\/\/oidobservatorio.com\/va\/wp-json\/wp\/v2\/pages\/554\/revisions\/792"}],"wp:attachment":[{"href":"https:\/\/oidobservatorio.com\/va\/wp-json\/wp\/v2\/media?parent=554"}],"curies":[{"name":"wp","href":"https:\/\/api.w.org\/{rel}","templated":true}]}}