{"id":545,"date":"2023-01-01T16:25:06","date_gmt":"2023-01-01T15:25:06","guid":{"rendered":"https:\/\/oidobservatorio.com\/inicio\/"},"modified":"2025-11-26T13:16:30","modified_gmt":"2025-11-26T12:16:30","slug":"inicio","status":"publish","type":"page","link":"https:\/\/oidobservatorio.com\/va\/","title":{"rendered":"Inici"},"content":{"rendered":"\r\n\t\t<div  class=\"block-70e23d09-1b41-4a23-84b2-a3937d63fcb1 row areoi-element home_1\">\r\n\t\t\t\r\n\r\n\t\t\t\n\r\n\t\t<div  class=\"block-0268a120-62e1-4ba5-a446-e2ce89633011 col areoi-element\">\r\n\t\t\t\r\n\t\t\t\n\n<figure class=\"wp-block-image size-full\"><img loading=\"lazy\" decoding=\"async\" width=\"1920\" height=\"1424\" src=\"https:\/\/oidobservatorio.com\/wp-content\/uploads\/2023\/01\/Logo-animado-oid.gif\" alt=\"\" class=\"wp-image-289\"\/><\/figure>\n\n \r\n\t\t\t\r\n\t\t<\/div>\r\n\t\n \r\n\t\t<\/div>\r\n\t\n\n\r\n\t\t<div  class=\"block-478bd33c-b29d-4e77-8f12-b2c2b00132d0 row areoi-element home_2\">\r\n\t\t\t\r\n\r\n\t\t\t\n\r\n\t\t<div  class=\"block-82ec3c8b-f8e6-4014-89e9-1228330256f2 col areoi-element col-xl-10 col-12 d-flex align-items-end  text-center text-xl-start\">\r\n\t\t\t\r\n\t\t\t\n\n<p>Un espai per a reflexionar sobre l\u2019\u00fas del disseny en la societat, promoure <br>el valor del bon disseny i mesurar la implementaci\u00f3 del disseny en les empreses.<\/p>\n\n \r\n\t\t\t\r\n\t\t<\/div>\r\n\t\n\n\r\n\t\t<div  class=\"block-a070a00b-6d6f-4a75-85a3-1518c6fe9b66 col areoi-element col-12 col-xl-2 text-center text-xl-end\">\r\n\t\t\t\r\n\t\t\t\n\n<figure class=\"wp-block-image size-full boton_scroll boton_scroll-lg d-none d-lg-block\" id=\"scrolldown\"><img loading=\"lazy\" decoding=\"async\" width=\"165\" height=\"151\" src=\"https:\/\/oidobservatorio.com\/wp-content\/uploads\/2023\/01\/Icono-Scroll.gif\" alt=\"\" class=\"wp-image-210\"\/><\/figure>\n\n\n\n<figure class=\"wp-block-image size-full boton_scroll boton_scroll-movil\" id=\"scrolldown_movil\"><img loading=\"lazy\" decoding=\"async\" width=\"22\" height=\"20\" src=\"https:\/\/oidobservatorio.com\/wp-content\/uploads\/2023\/02\/fecha_abajo.png\" alt=\"\" class=\"wp-image-508\"\/><\/figure>\n\n \r\n\t\t\t\r\n\t\t<\/div>\r\n\t\n \r\n\t\t<\/div>\r\n\t\n\n\r\n\t\t<div  class=\"block-c04f99d5-f0c3-450c-aa16-5ac480ad610e row areoi-element bg_amarillo top_curved home_3\">\r\n\t\t\t\r\n\r\n\t\t\t\n\r\n\t\t<div  class=\"block-3dfd3612-1bb5-47ae-94a9-aa0f49c61b53 col areoi-element\">\r\n\t\t\t\r\n\t\t\t\n\n<p>L&#8217;Observatori sobre l&#8217;Impacte del Disseny \u00e9s un projecte de l&#8217;ADCV: Associaci\u00f3 de Professionals del Disseny de la Comunitat Valenciana, per a definir, dimensionar i avaluar l&#8217;\u00fas del disseny en els principals sectors econ\u00f2mics valencians mitjan\u00e7ant treballs d&#8217;investigaci\u00f3 i desenvolupament d&#8217;eines innovadores.<\/p>\n\n\n\n<p class=\"has-text-align-right\"><a href=\"https:\/\/oidobservatorio.com\/va\/que-es-oid\/\" data-type=\"page\" data-id=\"92\">Saber-ne m\u00e9s<\/a><\/p>\n\n \r\n\t\t\t\r\n\t\t<\/div>\r\n\t\n \r\n\t\t<\/div>\r\n\t\n\n\r\n\t\t<div  class=\"block-3959f6e8-5aa1-4078-a139-081b9432a1f7 row areoi-element bg_gris home_iniciativas_1\">\r\n\t\t\t\r\n\r\n\t\t\t\n\r\n\t\t<div  class=\"block-164854c3-b85e-4ef8-a647-5001e3bfcc5c col areoi-element col-12 col-xl-6\">\r\n\t\t\t\r\n\t\t\t\n\n<h1 class=\"wp-block-heading\">INICIATIVES<\/h1>\n\n \r\n\t\t\t\r\n\t\t<\/div>\r\n\t\n\n\r\n\t\t<div  class=\"block-b8c01a16-abfd-40cd-a9c8-ecbdb9f1a7c5 col areoi-element col-12 col-xl-6\">\r\n\t\t\t\r\n\t\t\t\n\n<p class=\"has-text-align-right\">Recursos relacionats amb l&#8217;impacte del disseny en <br>diferents sectors. Documents publicats per <br>l&#8217;ADCV d&#8217;acc\u00e9s p\u00fablic i en obert.<\/p>\n\n \r\n\t\t\t\r\n\t\t<\/div>\r\n\t\n \r\n\t\t<\/div>\r\n\t\n\n\r\n\t\t<div  class=\"block-bd31b601-1e47-4b97-8df7-43fa72790c0f row areoi-element bg_gris home_iniciativas_2 posts_iniciativas\">\r\n\t\t\t\r\n\r\n\t\t\t\n\r\n\t\t<div  class=\"block-1fdcfa35-c508-4076-b9bb-1b4e8ec060a4 col areoi-element\">\r\n\t\t\t\r\n\t\t\t\n\n\t\t<div class=\"row d-none d-xl-flex\">\n\t\t\t<div class=\"col-xl-4 d-none d-xl-block\">\n\t\t\t\t<div class=\"card h-100 bg_video\">\n\t\t\t\t<video src=\"https:\/\/oidobservatorio.com\/wp-content\/themes\/oid\/imgs\/video.mp4\"  muted autoplay loop><\/video>\n\t\t\t\t<\/div>\n\t\t\t<\/div>\n\t\t\t<div class=\"col-xl-4\">\n\t\t\t\n<div class=\"card h-100 cat_30\">\n    <div class=\"card-body\">\n        <h5 class=\"card-title\"> Nou patrons d&#8217;\u00fas del disseny en les organitzacions<\/h5>\n        <p class=\"card-text\"> <p>Projecte d&#8217;investigaci\u00f3 en el qual han participat trenta empreses de la Comunitat Valenciana, de diferents perfils i sectors d&#8217;activitat. El resultat \u00e9s una guia sobre com realment s&#8217;implementa el disseny en la gesti\u00f3 empresarial.<\/p>\n<\/p>\n    <\/div>\n        <div class=\"card-footer\">\n        <a class=\"read-more link_card_footer\" href=\"https:\/\/oidobservatorio.com\/va\/737\/\">Saber-ne m\u00e9s \u00bb<\/a><span class=\"float-end\"><a href=\"https:\/\/oidobservatorio.com\/va\/categorias\/estudis\/\" class=\"link_card_footer\">#ESTUDIS<\/a><\/span>\n    <\/div>\n    <\/div>\n\t\t\t<\/div>\n\t\t\t<div class=\"col-xl-4 d-none d-xl-block\">\n\t\t\t\t<div class=\"card h-100 bg_violeta bg_exclamacion\" style=\"background-image: url(https:\/\/oidobservatorio.com\/wp-content\/themes\/oid\/imgs\/exclamacion.gif);\">\t\t\t\t\t\n\t\t\t\t<\/div>\n\t\t\t<\/div>\n\t\t<\/div><div class=\"row d-none d-xl-flex\">\n\t\t\t\t<div class=\"col-xl-4\">\n<div class=\"card h-100 cat_34\">\n    <div class=\"card-body\">\n        <h5 class=\"card-title\"> Incorporem el disseny en la xarxa d&#8217;innovaci\u00f3 Innotransfer<\/h5>\n        <p class=\"card-text\"> <p>L&#8217;ADCV entra a formar part d&#8217;Innotransfer, iniciativa multisectorial d&#8217;innovaci\u00f3 oberta de la Comunitat Valenciana, liderada per la Xarxa de Parcs Cient\u00edfics Valencians i secundada per l&#8217;Ag\u00e8ncia Valenciana de l&#8217;Innovaci\u00f3 (AVI).<\/p>\n<\/p>\n    <\/div>\n        <div class=\"card-footer\">\n        <a class=\"read-more link_card_footer\" href=\"https:\/\/oidobservatorio.com\/va\/incorporamos-el-diseno-en-la-red-de-innovacion-innotransfer\/\">Saber-ne m\u00e9s \u00bb<\/a><span class=\"float-end\"><a href=\"https:\/\/oidobservatorio.com\/va\/categorias\/noticies\/\" class=\"link_card_footer\">#NOT\u00cdCIES<\/a><\/span>\n    <\/div>\n    <\/div><\/div>\n\t\t\t\t<div class=\"col-xl-4 d-none d-xl-block\">\n\t\t\t\t\t<div class=\"card h-100 bg_foto_home\" style=\"background-image: url(https:\/\/oidobservatorio.com\/wp-content\/themes\/oid\/imgs\/foto_home.jpg);\">\n\t\t\t\t\t<\/div>\n\t\t\t\t<\/div><div class=\"col-xl-4\">\n<div class=\"card h-100 cat_30\">\n    <div class=\"card-body\">\n        <h5 class=\"card-title\"> Informe divulgatiu Design Orientation Scale (DOS)<\/h5>\n        <p class=\"card-text\"> <p>La Design Orientation Scale mesura quantitativament l&#8217;\u00fas del disseny en les empreses i el seu efecte directe en l&#8217;avantatge competitiu en diferenciaci\u00f3. En aquest document es resumeixen les caracter\u00edstiques de l&#8217;escala d&#8217;orientaci\u00f3 al disseny.<\/p>\n<\/p>\n    <\/div>\n        <div class=\"card-footer\">\n        <a class=\"read-more link_card_footer\" href=\"https:\/\/oidobservatorio.com\/va\/informe-divulgatiu-design-orientation-scale-dos\/\">Saber-ne m\u00e9s \u00bb<\/a><span class=\"float-end\"><a href=\"https:\/\/oidobservatorio.com\/va\/categorias\/estudis\/\" class=\"link_card_footer\">#ESTUDIS<\/a><\/span>\n    <\/div>\n    <\/div><\/div><\/div>\n\t<div class=\"swiper mySwiper  d-block d-xl-none\"\">\n    \t<div class=\"swiper-wrapper\">\n\t\t\t<div class=\"swiper-slide flecha_iniciativas_movil d-flex align-items-center justify-content-center mb-4\">\n\t\t\t\t<img decoding=\"async\" src=\"https:\/\/oidobservatorio.com\/wp-content\/themes\/oid\/imgs\/flecha_iniciativas_movil.svg\">\n\t\t\t<\/div>\n\t\t\t<div class=\"swiper-slide post_movil\">\n<div class=\"card h-100 cat_30\">\n    <div class=\"card-body\">\n        <h5 class=\"card-title\"> Nou patrons d&#8217;\u00fas del disseny en les organitzacions<\/h5>\n        <p class=\"card-text\"> <p>Projecte d&#8217;investigaci\u00f3 en el qual han participat trenta empreses de la Comunitat Valenciana, de diferents perfils i sectors d&#8217;activitat. El resultat \u00e9s una guia sobre com realment s&#8217;implementa el disseny en la gesti\u00f3 empresarial.<\/p>\n<\/p>\n    <\/div>\n        <div class=\"card-footer\">\n        <a class=\"read-more link_card_footer\" href=\"https:\/\/oidobservatorio.com\/va\/737\/\">Saber-ne m\u00e9s \u00bb<\/a><span class=\"float-end\"><a href=\"https:\/\/oidobservatorio.com\/va\/categorias\/estudis\/\" class=\"link_card_footer\">#ESTUDIS<\/a><\/span>\n    <\/div>\n    <\/div><\/div><div class=\"swiper-slide post_movil\">\n<div class=\"card h-100 cat_34\">\n    <div class=\"card-body\">\n        <h5 class=\"card-title\"> Incorporem el disseny en la xarxa d&#8217;innovaci\u00f3 Innotransfer<\/h5>\n        <p class=\"card-text\"> <p>L&#8217;ADCV entra a formar part d&#8217;Innotransfer, iniciativa multisectorial d&#8217;innovaci\u00f3 oberta de la Comunitat Valenciana, liderada per la Xarxa de Parcs Cient\u00edfics Valencians i secundada per l&#8217;Ag\u00e8ncia Valenciana de l&#8217;Innovaci\u00f3 (AVI).<\/p>\n<\/p>\n    <\/div>\n        <div class=\"card-footer\">\n        <a class=\"read-more link_card_footer\" href=\"https:\/\/oidobservatorio.com\/va\/incorporamos-el-diseno-en-la-red-de-innovacion-innotransfer\/\">Saber-ne m\u00e9s \u00bb<\/a><span class=\"float-end\"><a href=\"https:\/\/oidobservatorio.com\/va\/categorias\/noticies\/\" class=\"link_card_footer\">#NOT\u00cdCIES<\/a><\/span>\n    <\/div>\n    <\/div><\/div><div class=\"swiper-slide post_movil\">\n<div class=\"card h-100 cat_30\">\n    <div class=\"card-body\">\n        <h5 class=\"card-title\"> Informe divulgatiu Design Orientation Scale (DOS)<\/h5>\n        <p class=\"card-text\"> <p>La Design Orientation Scale mesura quantitativament l&#8217;\u00fas del disseny en les empreses i el seu efecte directe en l&#8217;avantatge competitiu en diferenciaci\u00f3. En aquest document es resumeixen les caracter\u00edstiques de l&#8217;escala d&#8217;orientaci\u00f3 al disseny.<\/p>\n<\/p>\n    <\/div>\n        <div class=\"card-footer\">\n        <a class=\"read-more link_card_footer\" href=\"https:\/\/oidobservatorio.com\/va\/informe-divulgatiu-design-orientation-scale-dos\/\">Saber-ne m\u00e9s \u00bb<\/a><span class=\"float-end\"><a href=\"https:\/\/oidobservatorio.com\/va\/categorias\/estudis\/\" class=\"link_card_footer\">#ESTUDIS<\/a><\/span>\n    <\/div>\n    <\/div><\/div>\n\t\t<\/div>\n\t\t\n  \t<\/div>\n\n \r\n\t\t\t\r\n\t\t<\/div>\r\n\t\n \r\n\t\t<\/div>\r\n\t\n\n\r\n\t\t<div  class=\"block-1cfee55b-d73e-4d52-9819-293ab031259c row areoi-element ver_todas\">\r\n\t\t\t\r\n\r\n\t\t\t\n\r\n\t\t<div  class=\"block-40f581be-e30e-42c9-b899-d14cfaf81fd1 col areoi-element\">\r\n\t\t\t\r\n\t\t\t\n\r\n\t\t\t\t\r\n\t\t<a \r\n\t\t\t\r\n\t\t\tclass=\"block-3a0e5d35-f19c-49a2-8955-b1b6652676f5 btn areoi-has-url position-relative btn-primary\"\r\n\t href=\"https:\/\/oidobservatorio.com\/va\/iniciatives\/\" >\r\n\t\t\t\t\t\r\n\t\t\t\t\tVEURE TOTES LES INICIATIVES \r\n\t\t\t\t\t\r\n\t\t\t\t\t \r\n\t\t\t\t<\/a>\r\n\t\t\t\n \r\n\t\t\t\r\n\t\t<\/div>\r\n\t\n \r\n\t\t<\/div>\r\n\t\n\n\r\n\t\t<div  class=\"block-e19cf564-867f-48dd-9a09-115f0d2f0a4d row areoi-element\">\r\n\t\t\t\r\n\r\n\t\t\t\n\r\n\t\t<div  class=\"block-35d0b841-4348-4515-8fc4-4baa719e8791 col areoi-element marquesina\">\r\n\t\t\t\r\n\t\t\t\n<div class=\"marquee\"><span>OBSERVATORI SOBRE L'IMPACTE DEL DISSENY<\/span> <span>OBSERVATORI SOBRE L'IMPACTE DEL DISSENY<\/span> <span>OBSERVATORI SOBRE L'IMPACTE DEL DISSENY<\/span><\/div>\n\n \r\n\t\t\t\r\n\t\t<\/div>\r\n\t\n \r\n\t\t<\/div>\r\n\t\n\n\r\n\t\t<div  class=\"block-e7dab048-ea24-4f4e-a377-528bb5db1767 row areoi-element bg_blanco home_dtoolbox_1\">\r\n\t\t\t\r\n\r\n\t\t\t\n\r\n\t\t<div  class=\"block-63e2e1e9-fb6a-444c-ab59-d3fda1662abb col areoi-element\">\r\n\t\t\t\r\n\t\t\t\n\n<h1 class=\"wp-block-heading\">D-TOOLBOX<\/h1>\n\n\n\n<p>D-Tool Box \u00e9s la nostra caixa d&#8217;eines on podr\u00e0s trobar:<\/p>\n\n \r\n\t\t\t\r\n\t\t<\/div>\r\n\t\n \r\n\t\t<\/div>\r\n\t\n\n\r\n\t\t<div  class=\"block-cd487821-fd3d-48e1-8f9e-334e2619598a row areoi-element bg_blanco home_dtoolbox_2\">\r\n\t\t\t\r\n\r\n\t\t\t\n\r\n\t\t<div  class=\"block-70342dd9-dac2-472d-a1f2-3837952b2421 col areoi-element col-12 col-lg-6\">\r\n\t\t\t\r\n\t\t\t\n\r\n\t\t<div  class=\"block-8c73cb87-f51e-4a65-b828-d5117fdd4770 card h-100\">\r\n\t\t\t\n\r\n\t\t<div  class=\"block-1fba7b02-11c6-4311-9da6-1c0563f1dc11 card-body\">\r\n\t\t\t\n\n<h3 class=\"wp-block-heading\">Design Orientation Scale (DOS)<\/h3>\n\n\n\n<p>Descobreix les claus per a millorar el teu avantatge competitiu en diferenciaci\u00f3.<\/p>\n\n \r\n\t\t<\/div>\r\n\t\n\n\r\n\t\t<div  class=\"block-0b3d38b1-a4df-449e-a8b4-33849209eb46 card-footer\">\r\n\t\t\t\n\r\n\t\t\t\t\r\n\t\t<a \r\n\t\t\t\r\n\t\t\tclass=\"block-231319e2-eed4-413e-820f-6ef79c3693c5 btn areoi-has-url position-relative btn-primary\"\r\n\t href=\"https:\/\/app.oidobservatorio.com\" >\r\n\t\t\t\t\t\r\n\t\t\t\t\tCOMEN\u00c7AR \r\n\t\t\t\t\t\r\n\t\t\t\t\t \r\n\t\t\t\t<\/a>\r\n\t\t\t\n \r\n\t\t<\/div>\r\n\t\n \r\n\t\t<\/div>\r\n\t\n \r\n\t\t\t\r\n\t\t<\/div>\r\n\t\n\n\r\n\t\t<div  class=\"block-2062b0a3-55b4-47d3-b4be-b7aa6bff1d9f col areoi-element col-12 col-lg-6 mt-3 mt-lg-0\">\r\n\t\t\t\r\n\t\t\t\n\r\n\t\t<div  class=\"block-3a6935c6-8b40-43b8-8188-810821fe05b1 card h-100\">\r\n\t\t\t\n\r\n\t\t<div  class=\"block-256306e9-6421-4acd-a911-6a9b0dd8ed68 card-body\">\r\n\t\t\t\n\n<h3 class=\"wp-block-heading\">D-Tool<\/h3>\n\n\n\n<p>Coneix les oportunitats que la teua organitzaci\u00f3 t\u00e9 per millorar l&#8217;\u00fas del disseny.<\/p>\n\n \r\n\t\t<\/div>\r\n\t\n\n\r\n\t\t<div  class=\"block-0d5c9b97-7e50-4133-9c57-f17f98d34341 card-footer\">\r\n\t\t\t\n\r\n\t\t\t\t\r\n\t\t<a \r\n\t\t\t\r\n\t\t\tclass=\"block-237b8bfe-2573-4b0c-a140-dfe6c81d8bb4 btn areoi-has-url position-relative btn-primary\"\r\n\t href=\"https:\/\/app.oidobservatorio.com\" >\r\n\t\t\t\t\t\r\n\t\t\t\t\tCOMEN\u00c7AR \r\n\t\t\t\t\t\r\n\t\t\t\t\t \r\n\t\t\t\t<\/a>\r\n\t\t\t\n \r\n\t\t<\/div>\r\n\t\n \r\n\t\t<\/div>\r\n\t\n \r\n\t\t\t\r\n\t\t<\/div>\r\n\t\n \r\n\t\t<\/div>\r\n\t\n\n\r\n\t\t<div  class=\"block-6d31035f-a96a-4754-8f9c-03588ef10206 row areoi-element bg_blanco home_call_to_action\">\r\n\t\t\t\r\n\r\n\t\t\t\n\r\n\t\t<div  class=\"block-a45984a1-36ba-4252-b68b-8e10c2c518c2 col areoi-element\">\r\n\t\t\t\r\n\t\t\t\n\r\n\t\t<div  class=\"block-eaeaf503-ecbb-4daf-974a-8045aad29817 card call_to_action\">\r\n\t\t\t\n\r\n\t\t<div  class=\"block-bb87951c-82bc-4346-9076-187bc430fac5 card-body\">\r\n\t\t\t\n\n<p>L&#8217;Observatori investiga en disseny<br>per a millorar la societat.<br>Explica&#8217;ns qu\u00e8 et preocupa.<\/p>\n\n \r\n\t\t<\/div>\r\n\t\n\n\r\n\t\t<div  class=\"block-9e5a3ae6-d7da-4024-a447-0410b61de8ce card-footer\">\r\n\t\t\t\n\r\n\t\t\t\t\r\n\t\t<a \r\n\t\t\t\r\n\t\t\tclass=\"block-b23097b6-92b8-4b8e-b63a-85dec1a93a5b btn areoi-has-url position-relative btn-primary\"\r\n\t href=\"https:\/\/oidobservatorio.com\/contacto\/\" >\r\n\t\t\t\t\t\r\n\t\t\t\t\tContacta&#8217;ns \r\n\t\t\t\t\t\r\n\t\t\t\t\t \r\n\t\t\t\t<\/a>\r\n\t\t\t\n \r\n\t\t<\/div>\r\n\t\n \r\n\t\t<\/div>\r\n\t\n \r\n\t\t\t\r\n\t\t<\/div>\r\n\t\n \r\n\t\t<\/div>\r\n\t","protected":false},"excerpt":{"rendered":"","protected":false},"author":1,"featured_media":0,"parent":0,"menu_order":0,"comment_status":"closed","ping_status":"closed","template":"page-templates\/fullwidthpage.php","meta":{"footnotes":""},"class_list":["post-545","page","type-page","status-publish","hentry"],"_links":{"self":[{"href":"https:\/\/oidobservatorio.com\/va\/wp-json\/wp\/v2\/pages\/545","targetHints":{"allow":["GET"]}}],"collection":[{"href":"https:\/\/oidobservatorio.com\/va\/wp-json\/wp\/v2\/pages"}],"about":[{"href":"https:\/\/oidobservatorio.com\/va\/wp-json\/wp\/v2\/types\/page"}],"author":[{"embeddable":true,"href":"https:\/\/oidobservatorio.com\/va\/wp-json\/wp\/v2\/users\/1"}],"replies":[{"embeddable":true,"href":"https:\/\/oidobservatorio.com\/va\/wp-json\/wp\/v2\/comments?post=545"}],"version-history":[{"count":6,"href":"https:\/\/oidobservatorio.com\/va\/wp-json\/wp\/v2\/pages\/545\/revisions"}],"predecessor-version":[{"id":769,"href":"https:\/\/oidobservatorio.com\/va\/wp-json\/wp\/v2\/pages\/545\/revisions\/769"}],"wp:attachment":[{"href":"https:\/\/oidobservatorio.com\/va\/wp-json\/wp\/v2\/media?parent=545"}],"curies":[{"name":"wp","href":"https:\/\/api.w.org\/{rel}","templated":true}]}}