{"id":612,"date":"2023-01-17T22:47:48","date_gmt":"2023-01-17T21:47:48","guid":{"rendered":"https:\/\/oidobservatorio.com\/?page_id=612"},"modified":"2023-02-08T12:25:51","modified_gmt":"2023-02-08T11:25:51","slug":"cookies-policy","status":"publish","type":"page","link":"https:\/\/oidobservatorio.com\/en\/cookies-policy\/","title":{"rendered":"Cookies policy"},"content":{"rendered":"\n<h1 class=\"wp-block-heading\">Pol\u00edtica de Cookies&nbsp;<\/h1>\n\n\n\n<p><strong>1. Definici\u00f3n y funci\u00f3n gen\u00e9rica de las cookies<\/strong><\/p>\n\n\n\n<p>La Asociaci\u00f3n de Dise\u00f1adores de la Comunidad Valenciana, el titular de este sitio web, informa que se utilizan cookies y\/o tecnolog\u00edas similares que almacenan y recuperan informaci\u00f3n cuando navegas. En general, estas tecnolog\u00edas pueden servir para finalidades muy diversas, como, por ejemplo, reconocerte como usuario, obtener informaci\u00f3n sobre tus h\u00e1bitos de navegaci\u00f3n, o personalizar la forma en que se muestra el contenido. Los usos concretos que hacemos de estas tecnolog\u00edas se describen a continuaci\u00f3n.<\/p>\n\n\n\n<p><strong>2. Informaci\u00f3n sobre el tipo de cookies que se utilizan y su finalidad<\/strong><\/p>\n\n\n\n<p><strong>T\u00e9cnicas:<\/strong> Son aquellas necesarias para la navegaci\u00f3n y el buen funcionamiento de nuestro website. Permiten, por ejemplo, controlar el tr\u00e1fico y la comunicaci\u00f3n de datos, acceder a partes de acceso restringido, realizar el proceso de compra de un pedido, utilizar elementos de seguridad, almacenar contenidos para poder difundir v\u00eddeos o compartir contenidos a trav\u00e9s de redes sociales.<\/p>\n\n\n\n<p><strong>De personalizaci\u00f3n:<\/strong> Son aqu\u00e9llas que permiten al Usuario acceder al servicio con unas caracter\u00edsticas predefinidas en funci\u00f3n de una serie de criterios, como por ejemplo el idioma, el tipo de navegador a trav\u00e9s del cual se accede al servicio, la configuraci\u00f3n regional desde donde se accede al servicio, etc.<\/p>\n\n\n\n<p><strong>De an\u00e1lisis:<\/strong> son aquellas que, tratadas por nosotros o por terceros, nos permiten cuantificar el n\u00famero de usuarios y as\u00ed realizar la medici\u00f3n y an\u00e1lisis estad\u00edstico de la utilizaci\u00f3n que hacen los usuarios del servicio ofertado. Para ello se analiza su navegaci\u00f3n en nuestra p\u00e1gina web con el fin de mejorar la oferta de productos o servicios que le ofrecemos.<\/p>\n\n\n\n<p><strong>3. Identificaci\u00f3n de qui\u00e9n utiliza las cookies<\/strong><\/p>\n\n\n\n<p>La informaci\u00f3n obtenida por las cookies es tratada solo por nuestro editor y\/o tambi\u00e9n por terceros con los que nuestro editor haya contratado la prestaci\u00f3n de un servicio para el cual se requiera el uso de cookies:<\/p>\n\n\n\n<p><strong>Cookies propias:<\/strong> Son aquellas que se env\u00edan a su equipo desde nuestros propios equipos o dominios y desde el que prestamos el servicio que nos solicita.<\/p>\n\n\n\n<p><strong>Cookies de terceros:<\/strong> Son aquellas que se env\u00edan a su equipo desde un equipo o dominio que no es gestionado por nosotros, sino por otra entidad colaboradora. Como, por ejemplo, las usadas por redes sociales, o por contenido externo como Google Maps, las que permiten cuantificar el n\u00famero de usuarios y as\u00ed realizar la medici\u00f3n y an\u00e1lisis estad\u00edstico de la utilizaci\u00f3n que hacen los usuarios del servicio ofertado. Para ello se analiza su navegaci\u00f3n en nuestra p\u00e1gina web con el fin de mejorar la oferta de productos o servicios que le ofrecemos. Conoce a los terceros (enlazar con la pol\u00edtica de cookies de los terceros&gt;. Es decir, cookies que no son nuestras y son para recabar informaci\u00f3n por un tercero.<\/p>\n\n\n\n<p><strong>4. Periodo de conservaci\u00f3n<\/strong><\/p>\n\n\n\n<p><strong>Cookies de sesi\u00f3n:<\/strong> Son cookies temporales que permanecen en el archivo de cookies de su navegador hasta que el Usuario abandona la p\u00e1gina web, por lo que ninguna queda registrada en el disco duro de su ordenador. La informaci\u00f3n obtenida por medio de estas cookies, sirven para analizar pautas de tr\u00e1fico en el website. A la larga, esto nos permite proporcionar una mejor experiencia para mejorar el contenido y facilitar su uso.<\/p>\n\n\n\n<p><strong>Cookies persistentes:<\/strong> son almacenadas en el disco duro y nuestra web las lee cada vez que el Usuario realiza una nueva visita. Una cookie permanente posee una fecha de expiraci\u00f3n determinada. La cookie dejar\u00e1 de funcionar despu\u00e9s de esa fecha. Estas cookies las utilizamos, generalmente, para facilitar los servicios de compra y registro.<\/p>\n\n\n\n<p>Los datos obtenidos a partir de ambos tipos de cookies ser\u00e1n conservados conforme se indica en la pol\u00edtica de privacidad de nuestra p\u00e1gina web: www.oid.com<\/p>\n\n\n\n<p>La ADCV utiliza las siguientes cookies: <\/p>\n\n\n\n<figure class=\"wp-block-table\"><table><tbody><tr><td>PERTENENCIA<\/td><td>FINALIDAD<\/td><td>NOMBRE<\/td><td>DURACI\u00d3N<\/td><\/tr><tr><td>Google Analytics<\/td><td>Google Analytics se utiliza para recoger&nbsp;estad\u00edsticas an\u00f3nimas&nbsp;de visitas y uso, como la duraci\u00f3n,&nbsp;origen y destino y duraci\u00f3n de las sesiones de navegaci\u00f3n, as\u00ed como crear listas de remarketing para mostrar anuncios de inter\u00e9s para el usuario.<\/td><td>_ga_QWP9Z5FYZE<\/td><td>Persistente<\/td><\/tr><tr><td>&nbsp;<\/td><td>Google Analytics la utiliza para distinguir a los usuarios con una duraci\u00f3n m\u00e1xima de 2 a\u00f1os<\/td><td>_ga<\/td><td>Persistente<\/td><\/tr><tr><td>&nbsp;<\/td><td>Google Analytics la utiliza para distinguir a los usuarios con una duraci\u00f3n m\u00e1xima de 24 horas<\/td><td>_gid<\/td><td>Persistente<\/td><\/tr><tr><td>Propias<\/td><td>Para recordar si el usuario&nbsp;autoriza el uso de cookies&nbsp;en la web y no mostrarle otra vez el mensaje<\/td><td>moove_gdpr_popup. Tambi\u00e9n contamos con cookies para el seguimiento de env\u00edo de los formularios implementados en nuestra web<\/td><td>Persistente<\/td><\/tr><tr><td><\/td><td>Para recordar el idioma seleccionado<\/td><td>wp-wpml_current_language<\/td><td>Persistente<\/td><\/tr><tr><td><\/td><td>Para guardar de forma an\u00f3nima los valores completados en las herramientas  <\/td><td>PHPSESSID<\/td><td>48hs<\/td><\/tr><\/tbody><\/table><\/figure>\n\n\n\n<p><strong>5. Activaci\u00f3n, restricci\u00f3n y\/o inhabilitaci\u00f3n de cookies<\/strong><\/p>\n\n\n\n<p>Puede usted permitir o bloquear las cookies, as\u00ed como borrar sus datos de navegaci\u00f3n (incluidas las cookies) desde el navegador que usted utiliza. Consulte las opciones e instrucciones que ofrece su navegador para ello. Tenga en cuenta que, si acepta las cookies de terceros, deber\u00e1 eliminarlas desde las opciones del navegador.<\/p>\n\n\n\n<p><strong>6. No realizamos trasferencia de datos a terceros pa\u00edses realizadas por el editor<\/strong><\/p>\n\n\n\n<p>Puedes informarte de las transferencias a terceros pa\u00edses que, en su caso, realizan los terceros identificados en esta pol\u00edtica de cookies en sus correspondientes pol\u00edticas (ver los enlaces facilitados en el apartado \u201cCookies de terceros\u201d).<\/p>\n\n\n\n<p><strong>7. Elaboraci\u00f3n de perfiles<\/strong><\/p>\n\n\n\n<p>La elaboraci\u00f3n de perfiles que realizamos implica la toma de decisiones automatizadas sin efectos jur\u00eddicos para el usuario o sin que le afecten significativamente de modo similar y est\u00e1 basada en el consentimiento expl\u00edcito del interesado.<\/p>\n\n\n\n<p><strong>8. Resto de informaci\u00f3n<\/strong> En relaci\u00f3n con el resto de informaci\u00f3n exigida por el art\u00edculo 13 RGPD puedes verla pulsando <a href=\"https:\/\/oidobservatorio.com\/en\/privacy-policy\/\" data-type=\"page\" data-id=\"3\">AQU\u00cd<\/a><\/p>\n","protected":false},"excerpt":{"rendered":"<p>Pol\u00edtica de Cookies&nbsp; 1. Definici\u00f3n y funci\u00f3n gen\u00e9rica de las cookies La Asociaci\u00f3n de Dise\u00f1adores de la Comunidad Valenciana, el titular de este sitio web, informa que se utilizan cookies y\/o tecnolog\u00edas similares que almacenan y recuperan informaci\u00f3n cuando navegas. En general, estas tecnolog\u00edas pueden servir para finalidades muy diversas, como, por ejemplo, reconocerte como<\/p>\n","protected":false},"author":1,"featured_media":0,"parent":0,"menu_order":0,"comment_status":"closed","ping_status":"closed","template":"","meta":{"footnotes":""},"class_list":["post-612","page","type-page","status-publish","hentry"],"_links":{"self":[{"href":"https:\/\/oidobservatorio.com\/en\/wp-json\/wp\/v2\/pages\/612","targetHints":{"allow":["GET"]}}],"collection":[{"href":"https:\/\/oidobservatorio.com\/en\/wp-json\/wp\/v2\/pages"}],"about":[{"href":"https:\/\/oidobservatorio.com\/en\/wp-json\/wp\/v2\/types\/page"}],"author":[{"embeddable":true,"href":"https:\/\/oidobservatorio.com\/en\/wp-json\/wp\/v2\/users\/1"}],"replies":[{"embeddable":true,"href":"https:\/\/oidobservatorio.com\/en\/wp-json\/wp\/v2\/comments?post=612"}],"version-history":[{"count":7,"href":"https:\/\/oidobservatorio.com\/en\/wp-json\/wp\/v2\/pages\/612\/revisions"}],"predecessor-version":[{"id":656,"href":"https:\/\/oidobservatorio.com\/en\/wp-json\/wp\/v2\/pages\/612\/revisions\/656"}],"wp:attachment":[{"href":"https:\/\/oidobservatorio.com\/en\/wp-json\/wp\/v2\/media?parent=612"}],"curies":[{"name":"wp","href":"https:\/\/api.w.org\/{rel}","templated":true}]}}