{"id":610,"date":"2022-12-30T12:41:41","date_gmt":"2022-12-30T11:41:41","guid":{"rendered":"https:\/\/oidobservatorio.com\/?page_id=610"},"modified":"2023-02-08T10:56:17","modified_gmt":"2023-02-08T09:56:17","slug":"privacy-policy","status":"publish","type":"page","link":"https:\/\/oidobservatorio.com\/en\/privacy-policy\/","title":{"rendered":"Privacy policy"},"content":{"rendered":"\n<h1 class=\"wp-block-heading\">Pol\u00edtica de privacidad<\/h1>\n\n\n\n<p><strong>1. \u00bfQui\u00e9n es el responsable de tratamiento de sus datos?<\/strong><\/p>\n\n\n\n<p>ASOCIACI\u00d3N DE DISE\u00d1ADORES DE LA COMUNIDAD VALENCIANA<br>G46327102<br>CALLE JUAN VERDEGUER 16 \u2013 46024 VALENCIA.<br>963 510 028<br>protecciondatos@adcv.com<\/p>\n\n\n\n<p><strong>2. \u00bfQu\u00e9 tipo de datos tenemos sobre su persona y c\u00f3mo los hemos obtenido?<\/strong><br><br>Las categor\u00edas de datos personales que tratamos de clientes y proveedores son:<\/p>\n\n\n\n<p>I. Datos de identificaci\u00f3n<br>II. Direcciones postales o electr\u00f3nicas<br>III. Informaci\u00f3n comercial<br>IV. Datos econ\u00f3micos y de transacciones<br>V. Datos de navegaci\u00f3n<br>VI. Datos especialmente protegidos: salud, en el caso de personas empleadas.<br>VII. Imagen<\/p>\n\n\n\n<p>Todos los datos arriba mencionados los hemos obtenido o directamente de usted mediante la presentaci\u00f3n de una oferta comercial, propuesta contractual, etc. o mediante su empresa al facilitarnos los datos de identificaci\u00f3n y dem\u00e1s informaci\u00f3n necesaria para llevar al cabo el objeto de la relaci\u00f3n contractual entre las partes. Ser\u00e1 una obligaci\u00f3n suya o de su empresa facilitarnos los datos actualizados en caso de modificaci\u00f3n.<\/p>\n\n\n\n<p><strong>3. \u00bfCon qu\u00e9 finalidad tratamos sus datos?<\/strong><\/p>\n\n\n\n<p>Tratamos los datos que nos facilitan las personas interesadas con el fin de gestionar distintas actividades derivadas de procedimientos espec\u00edficos realizados en materia de ventas, servicio post venta, gesti\u00f3n de proveedores, calidad de servicios, etc. De esta manera, utilizaremos sus datos para llevar a cabo alguna de las siguientes acciones:<\/p>\n\n\n\n<p>I. Prestaci\u00f3n de los servicios solicitados o entrega del producto adquirido.<br>II. Env\u00edo de la informaci\u00f3n que nos soliciten mediante el formulario de contacto de nuestra p\u00e1gina web o cualquier otro medio de contacto con nuestra empresa,<br>III. Facilitar tanto a los clientes potenciales como a nuestros clientes, ofertas de productos y servicios de su inter\u00e9s,<br>IV. Llevar a cabo la gesti\u00f3n administrativa, fiscal y contable de nuestros clientes y\/o proveedores,<br>V. Llevar a cabo encuestas de satisfacci\u00f3n, estudios de mercado, etc. con el fin de poder ofrecerle las ofertas m\u00e1s adecuadas y una calidad optimizada de servicio, etc.<br>VI. Gesti\u00f3n laboral de personas empleadas.<\/p>\n\n\n\n<p>Para llevar a cabo cualquiera de estas finalidades podr\u00e1n utilizarse medios electr\u00f3nicos como email, WhatsApp, etc.<\/p>\n\n\n\n<p><strong>4. \u00bfPor cu\u00e1nto tiempo conservaremos sus datos?<\/strong><\/p>\n\n\n\n<p>Los datos personales relativos a personas f\u00edsicas vinculadas a clientes potenciales, clientes y proveedores que recopilemos mediante los distintos formularios de contacto y\/o recogida de informaci\u00f3n (incluidos los datos recabados a trav\u00e9s de las cookies, si procediera) se conservar\u00e1n mientras no se solicite su supresi\u00f3n por el interesado. Los datos proporcionados por nuestros clientes y proveedores se conservar\u00e1n mientras se mantenga la relaci\u00f3n mercantil entre las partes respetando en cualquier caso los plazos m\u00ednimos legales de conservaci\u00f3n seg\u00fan la materia.<\/p>\n\n\n\n<p>Los datos de trabajadores se conservar\u00e1n mientras se mantenga la relaci\u00f3n laboral y en todo caso, seg\u00fan lo que prescriba la legislaci\u00f3n labora al efecto.<\/p>\n\n\n\n<p>En el caso de las im\u00e1genes obtenidas por el sistema de videovigilancia, el plazo de conservaci\u00f3n de las mismas ser\u00e1 de 1 mes, de conformidad con lo establecido en el art\u00edculo 22.3 de la LOPDGDD, salvo que debieran ser conservados para su entrega a las autoridades competentes.<\/p>\n\n\n\n<p>En cualquier caso, guardaremos sus datos personales durante el per\u00edodo de tiempo que sea razonablemente necesario teniendo en cuenta nuestras necesidades de dar respuesta a cuestiones que se planteen o resolver problemas, realizar mejoras, activar nuevos servicios y cumplir los requisitos que exija la legislaci\u00f3n aplicable. Esto significa que podemos conservar tus datos personales durante un per\u00edodo de tiempo razonable incluso despu\u00e9s de que haya dejado de usar nuestros productos o de que haya dejado de usar esta p\u00e1gina web. Despu\u00e9s de este per\u00edodo, sus datos personales ser\u00e1n eliminados de todos nuestros sistemas.<\/p>\n\n\n\n<p><strong>5. \u00bfCu\u00e1l es la base de legitimaci\u00f3n para el tratamiento de sus datos?<\/strong><\/p>\n\n\n\n<p>Seg\u00fan tipo de tratamiento de datos la base de legitimaci\u00f3n es la siguiente:<\/p>\n\n\n\n<figure class=\"wp-block-table\"><table><tbody><tr><td><strong>TRATAMIENTO<\/strong><\/td><td><strong>BASE DE LEGITIMACI\u00d3N<\/strong><\/td><\/tr><tr><td><strong>Gesti\u00f3n Contable<\/strong>: gesti\u00f3n de facturaci\u00f3n con clientes y\/o proveedores<\/td><td>Mantenimiento, desarrollo y control de la relaci\u00f3n contractual entre las partes<\/td><\/tr><tr><td><strong>Gesti\u00f3n fiscal<\/strong>: aplicaci\u00f3n de retenciones, bonificaciones, etc.<\/td><td>Mantenimiento, desarrollo y control de la relaci\u00f3n contractual entre las partes; Cumplimiento obligaciones legales<\/td><\/tr><tr><td><strong>Gesti\u00f3n administrativa:<\/strong> gesti\u00f3n de log\u00edstica, almac\u00e9n, entregas al cliente, recepci\u00f3n de mercanc\u00edas, etc.<\/td><td>Mantenimiento, desarrollo y control de la relaci\u00f3n contractual entre las partes<\/td><\/tr><tr><td><strong>Marketing<\/strong>: Acciones comerciales sobre nuestros productos o servicios dirigidas a nuestros clientes o aquellas personas que nos han solicitado informaci\u00f3n relativa a nuestros productos y servicios en el pasado, incluyendo la realizaci\u00f3n de encuestas de satisfacci\u00f3n a nuestros clientes.<\/td><td>Consentimiento libre e inequ\u00edvoco del propio interesado (clientes potenciales), le hacemos constar que la retirada de este consentimiento en ning\u00fan caso puede condicionar la ejecuci\u00f3n del contrato que hubiera entre las partes; inter\u00e9s leg\u00edtimo de la compa\u00f1\u00eda sobre la promoci\u00f3n y comercializaci\u00f3n de productos o servicios similares a los obtenidos o solicitados por las personas interesadas en el pasado.<\/td><\/tr><tr><td><strong>Si eres empleado, para la Gesti\u00f3n laboral:<\/strong> gesti\u00f3n administrativa, contable y fiscal de empleados.<br><strong>Gesti\u00f3n registro jornada laboral:<\/strong> hora de inicio y finalizaci\u00f3n de la jornada, as\u00ed como horas extraordinarias.<\/td><td>Ejecuci\u00f3n de un contrato laboral. Cumplimiento legal.<\/td><\/tr><\/tbody><\/table><\/figure>\n\n\n\n<figure class=\"wp-block-table\"><table><tbody><tr><td><strong>Im\u00e1genes de trabajadores:<\/strong> publicaci\u00f3n de imagen\/voz en web de la empresa, libros de la empresa, RRSS con el fin de dar a conocer a la plantilla.<\/td><td>Consentimiento expreso del interesado.<\/td><\/tr><\/tbody><\/table><\/figure>\n\n\n\n<p>En el supuesto de que no facilite sus datos de car\u00e1cter personal no se podr\u00e1 ejecutar su contrato, cumplir las obligaciones legales o derivadas de los poderes p\u00fablicos.<\/p>\n\n\n\n<p><strong>6. \u00bfA qu\u00e9 destinatarios se comunicar\u00e1n sus datos?<\/strong><\/p>\n\n\n\n<p>No cederemos sus datos personales a ninguna empresa tercera que pretenda utilizarlos en sus acciones de marketing directo, excepto en el caso de que nos haya autorizado expresamente a ello.<\/p>\n\n\n\n<p>Le informamos que podemos facilitar sus datos personales a organismos de la Administraci\u00f3n P\u00fablica y Autoridades competentes en aquellos casos en que nos requieran legalmente o en los casos en que, actuando de buena fe, consideremos que tal acci\u00f3n es razonablemente necesaria para cumplir con un proceso judicial; para contestar cualquier reclamaci\u00f3n o demanda jur\u00eddica; o para proteger los derechos de la empresa o sus clientes y el p\u00fablico en general.<\/p>\n\n\n\n<p>Le informamos que sus datos no van a ser cedidos o comunicados a terceros, la empresa es la \u00fanica responsable para su tratamiento y custodia.<\/p>\n\n\n\n<p>S\u00ed proporcionaremos sus datos personales a terceras personas (Ej. proveedores de servicios de Internet que nos ayudan a administrar nuestra p\u00e1gina web o llevar a cabo los servicios contratados, empresas de soporte y mantenimiento inform\u00e1tico, empresas de log\u00edstica, gestor\u00edas y asesoramiento fiscal y contable, etc.). En cualquier caso, estas terceras personas deben mantener, en todo momento, los mismos niveles de seguridad que nosotros en relaci\u00f3n a sus datos personales y, cuando sea necesario, estar\u00e1n vinculadas por compromisos legales a fin de guardar sus datos personales de forma privada y segura, y tambi\u00e9n para utilizar \u00fanicamente la informaci\u00f3n siguiendo instrucciones espec\u00edficas de la empresa.<\/p>\n\n\n\n<p><strong>7. \u00bfTransferencias de datos a terceros pa\u00edses?<\/strong><\/p>\n\n\n\n<p>No est\u00e1n previstas transferencias de datos a terceros pa\u00edses.<\/p>\n\n\n\n<p><strong>8. \u00bfCu\u00e1les son sus derechos como interesado?<\/strong><\/p>\n\n\n\n<p>Cualquier persona tiene derecho a obtener confirmaci\u00f3n sobre si estamos tratando datos personales que le conciernan, o no.<\/p>\n\n\n\n<p>En concreto, las personas interesadas pueden solicitar el derecho de acceso a sus datos personales, as\u00ed como recibirlos en un formato com\u00fan y lectura mecanizada si el tratamiento se efect\u00faa por medios electr\u00f3nicos (derecho de portabilidad).<\/p>\n\n\n\n<p>Asimismo, las personas interesadas pueden solicitar el derecho de rectificaci\u00f3n de los datos inexactos o, en su caso, solicitar su supresi\u00f3n cuando, entre otros motivos, los datos ya no sean necesarios para los fines que fueron recogidos.<\/p>\n\n\n\n<p>Complementariamente, en determinadas circunstancias, los interesados podr\u00e1n solicitar la limitaci\u00f3n del tratamiento de sus datos, o en determinadas circunstancias y por motivos relacionados con su situaci\u00f3n particular, los interesados podr\u00e1n ejercitar su derecho a oponerse al tratamiento de sus datos. Dejaremos de tratar los datos, salvo por motivos leg\u00edtimos imperiosos, o el ejercicio o la defensa de posibles reclamaciones o en aquellas excepciones establecidas en la normativa aplicable.<\/p>\n\n\n\n<p>Asimismo, le informamos que tiene derecho a retirar sus consentimientos otorgados en cualquier momento, sin que ello afecte a la licitud del tratamiento basado en el consentimiento previo a su retirada.<\/p>\n\n\n\n<p>As\u00ed mismo se informa al Usuario que en cualquier momento puede ejercitar los mencionados derechos dirigi\u00e9ndose por escrito a nosotros utilizando los datos de contacto del responsable, adjuntando copia de su DNI.<\/p>\n\n\n\n<p>Usted tambi\u00e9n tendr\u00e1 el derecho a presentar una reclamaci\u00f3n ante la Agencia Espa\u00f1ola de Protecci\u00f3n de datos, especialmente cuando no haya obtenido satisfacci\u00f3n en el ejercicio de sus derechos.<\/p>\n\n\n\n<p><a href=\"http:\/\/www.agpd.es\/portalwebAGPD\/index-ides-idphp.php\">http:\/\/www.agpd.es\/portalwebAGPD\/index-ides-idphp.php<\/a> Por otro lado, de acuerdo con lo dispuesto en la Ley 34\/2002, de 11 de Julio, de Servicios de la Sociedad de Informaci\u00f3n y de Comercio Electr\u00f3nico, nos comprometemos a no enviar informaci\u00f3n comercial si usted as\u00ed nos lo ha hecho saber.<\/p>\n","protected":false},"excerpt":{"rendered":"<p>Pol\u00edtica de privacidad 1. \u00bfQui\u00e9n es el responsable de tratamiento de sus datos? ASOCIACI\u00d3N DE DISE\u00d1ADORES DE LA COMUNIDAD VALENCIANAG46327102CALLE JUAN VERDEGUER 16 \u2013 46024 VALENCIA.963 510 028protecciondatos@adcv.com 2. \u00bfQu\u00e9 tipo de datos tenemos sobre su persona y c\u00f3mo los hemos obtenido? Las categor\u00edas de datos personales que tratamos de clientes y proveedores son: I.<\/p>\n","protected":false},"author":1,"featured_media":0,"parent":0,"menu_order":0,"comment_status":"closed","ping_status":"open","template":"","meta":{"footnotes":""},"class_list":["post-610","page","type-page","status-publish","hentry"],"_links":{"self":[{"href":"https:\/\/oidobservatorio.com\/en\/wp-json\/wp\/v2\/pages\/610","targetHints":{"allow":["GET"]}}],"collection":[{"href":"https:\/\/oidobservatorio.com\/en\/wp-json\/wp\/v2\/pages"}],"about":[{"href":"https:\/\/oidobservatorio.com\/en\/wp-json\/wp\/v2\/types\/page"}],"author":[{"embeddable":true,"href":"https:\/\/oidobservatorio.com\/en\/wp-json\/wp\/v2\/users\/1"}],"replies":[{"embeddable":true,"href":"https:\/\/oidobservatorio.com\/en\/wp-json\/wp\/v2\/comments?post=610"}],"version-history":[{"count":3,"href":"https:\/\/oidobservatorio.com\/en\/wp-json\/wp\/v2\/pages\/610\/revisions"}],"predecessor-version":[{"id":648,"href":"https:\/\/oidobservatorio.com\/en\/wp-json\/wp\/v2\/pages\/610\/revisions\/648"}],"wp:attachment":[{"href":"https:\/\/oidobservatorio.com\/en\/wp-json\/wp\/v2\/media?parent=610"}],"curies":[{"name":"wp","href":"https:\/\/api.w.org\/{rel}","templated":true}]}}